{"id":6402,"date":"2024-02-29T21:27:33","date_gmt":"2024-02-29T21:27:33","guid":{"rendered":"https:\/\/www.uabcs.mx\/dasc\/?page_id=6402"},"modified":"2024-03-01T01:16:42","modified_gmt":"2024-03-01T01:16:42","slug":"generacion-2019-2023","status":"publish","type":"page","link":"https:\/\/www.uabcs.mx\/dasc\/en\/egresados\/anuario\/generacion-2019-2023\/","title":{"rendered":"Generaci\u00f3n 2019-2023"},"content":{"rendered":"<div class=\"wp-block-columns is-layout-flex wp-container-core-columns-is-layout-2eb748b2 wp-block-columns-is-layout-flex\" style=\"margin-top:0px;margin-bottom:0px\">\n<div class=\"wp-block-column is-layout-flow wp-block-column-is-layout-flow\" style=\"flex-basis:100%\">\n<div class=\"wp-block-cover alignfull has-parallax has-custom-content-position is-position-bottom-center\" style=\"min-height:475px;aspect-ratio:unset;\"><span aria-hidden=\"true\" class=\"wp-block-cover__background has-ast-global-color-2-background-color has-background-dim-60 has-background-dim\"><\/span><div role=\"img\" class=\"wp-block-cover__image-background wp-image-6403 has-parallax\" style=\"background-position:50% 50%;background-image:url(https:\/\/www.uabcs.mx\/dasc\/wp-content\/uploads\/2024\/02\/IDS-2024-panoramica.jpg)\"><\/div><div class=\"wp-block-cover__inner-container is-layout-flow wp-block-cover-is-layout-flow\">\n<h1 class=\"wp-block-heading has-text-align-center dascTitle has-text-color\" style=\"color:#ffffff;margin-top:15%;margin-right:15%;margin-bottom:15%;margin-left:15%;font-size:30px\">Academic Department of Computer Systems <\/h1>\n\n\n\n<h2 class=\"wp-block-heading has-text-align-center has-white-color has-text-color\" id=\"Estudiantes\" style=\"font-size:24px;font-style:normal;font-weight:700\">&#8211; Generaci\u00f3n 2019-2023 &#8211;<\/h2>\n<\/div><\/div>\n<\/div>\n<\/div>\n\n\n\n<div class=\"wp-block-columns is-layout-flex wp-container-core-columns-is-layout-2902e3fc wp-block-columns-is-layout-flex\" style=\"margin-top:1em;margin-bottom:1em;padding-right:0%;padding-left:0%\">\n<div class=\"wp-block-column is-layout-flow wp-block-column-is-layout-flow\">\n<div class=\"wp-block-columns alignwide are-vertically-aligned-center is-layout-flex wp-container-core-columns-is-layout-d7d36c25 wp-block-columns-is-layout-flex\" style=\"margin-top:0px;margin-bottom:0px;padding-right:2.5%;padding-left:2.5%\">\n<div class=\"wp-block-column is-vertically-aligned-center has-vivid-red-background-color has-background is-layout-flow wp-block-column-is-layout-flow\" style=\"padding-top:0%;padding-right:0%;padding-bottom:0%;padding-left:0%\">\n<h3 class=\"wp-block-heading has-text-align-center has-ast-global-color-5-color has-text-color\" style=\"margin-top:0.5%;margin-bottom:0.5%;margin-left:2%\">Mejores Promedios<\/h3>\n<\/div>\n<\/div>\n<\/div>\n<\/div>\n\n\n\n<div class=\"wp-block-columns is-layout-flex wp-container-core-columns-is-layout-28f84493 wp-block-columns-is-layout-flex\">\n<div class=\"wp-block-column is-layout-flow wp-block-column-is-layout-flow\" style=\"padding-top:var(--wp--preset--spacing--20);padding-bottom:var(--wp--preset--spacing--20)\">\n<figure class=\"wp-block-image aligncenter size-large\"><img loading=\"lazy\" decoding=\"async\" width=\"1024\" height=\"576\" src=\"https:\/\/www.uabcs.mx\/dasc\/wp-content\/uploads\/2024\/03\/WhatsApp-Image-2024-02-26-at-11.51.13-1024x576.jpeg\" alt=\"\" class=\"wp-image-6422\" srcset=\"https:\/\/www.uabcs.mx\/dasc\/wp-content\/uploads\/2024\/03\/WhatsApp-Image-2024-02-26-at-11.51.13-1024x576.jpeg 1024w, https:\/\/www.uabcs.mx\/dasc\/wp-content\/uploads\/2024\/03\/WhatsApp-Image-2024-02-26-at-11.51.13-300x169.jpeg 300w, https:\/\/www.uabcs.mx\/dasc\/wp-content\/uploads\/2024\/03\/WhatsApp-Image-2024-02-26-at-11.51.13-768x432.jpeg 768w, https:\/\/www.uabcs.mx\/dasc\/wp-content\/uploads\/2024\/03\/WhatsApp-Image-2024-02-26-at-11.51.13-18x10.jpeg 18w, https:\/\/www.uabcs.mx\/dasc\/wp-content\/uploads\/2024\/03\/WhatsApp-Image-2024-02-26-at-11.51.13.jpeg 1280w\" sizes=\"auto, (max-width: 1024px) 100vw, 1024px\" \/><\/figure>\n<\/div>\n<\/div>\n\n\n\n<div class=\"wp-block-columns is-layout-flex wp-container-core-columns-is-layout-2902e3fc wp-block-columns-is-layout-flex\" style=\"margin-top:1em;margin-bottom:1em;padding-right:0%;padding-left:0%\">\n<div class=\"wp-block-column is-layout-flow wp-block-column-is-layout-flow\">\n<div class=\"wp-block-columns alignwide are-vertically-aligned-center is-layout-flex wp-container-core-columns-is-layout-d7d36c25 wp-block-columns-is-layout-flex\" style=\"margin-top:0px;margin-bottom:0px;padding-right:2.5%;padding-left:2.5%\">\n<div class=\"wp-block-column is-vertically-aligned-center has-background is-layout-flow wp-block-column-is-layout-flow\" style=\"background-color:#2d6fa4;padding-top:0%;padding-right:0%;padding-bottom:0%;padding-left:0%\">\n<h3 class=\"wp-block-heading has-text-align-center has-ast-global-color-5-color has-text-color\" style=\"margin-top:0.5%;margin-bottom:0.5%;margin-left:2%\">Ingenieros en Desarrollo de Software<\/h3>\n<\/div>\n<\/div>\n<\/div>\n<\/div>\n\n\n\n<div class=\"wp-block-columns is-layout-flex wp-container-core-columns-is-layout-28f84493 wp-block-columns-is-layout-flex\">\n<div class=\"wp-block-column is-layout-flow wp-block-column-is-layout-flow\" style=\"padding-top:var(--wp--preset--spacing--20);padding-bottom:var(--wp--preset--spacing--20)\">\n<figure class=\"wp-block-image aligncenter size-large\"><img loading=\"lazy\" decoding=\"async\" width=\"1024\" height=\"576\" src=\"https:\/\/www.uabcs.mx\/dasc\/wp-content\/uploads\/2024\/03\/WhatsApp-Image-2024-02-26-at-11.51.14-2-1024x576.jpeg\" alt=\"\" class=\"wp-image-6409\" srcset=\"https:\/\/www.uabcs.mx\/dasc\/wp-content\/uploads\/2024\/03\/WhatsApp-Image-2024-02-26-at-11.51.14-2-1024x576.jpeg 1024w, https:\/\/www.uabcs.mx\/dasc\/wp-content\/uploads\/2024\/03\/WhatsApp-Image-2024-02-26-at-11.51.14-2-300x169.jpeg 300w, https:\/\/www.uabcs.mx\/dasc\/wp-content\/uploads\/2024\/03\/WhatsApp-Image-2024-02-26-at-11.51.14-2-768x432.jpeg 768w, https:\/\/www.uabcs.mx\/dasc\/wp-content\/uploads\/2024\/03\/WhatsApp-Image-2024-02-26-at-11.51.14-2-18x10.jpeg 18w, https:\/\/www.uabcs.mx\/dasc\/wp-content\/uploads\/2024\/03\/WhatsApp-Image-2024-02-26-at-11.51.14-2.jpeg 1280w\" sizes=\"auto, (max-width: 1024px) 100vw, 1024px\" \/><\/figure>\n<\/div>\n<\/div>\n\n\n\n<div class=\"wp-block-columns is-layout-flex wp-container-core-columns-is-layout-2902e3fc wp-block-columns-is-layout-flex\" style=\"margin-top:1em;margin-bottom:1em;padding-right:0%;padding-left:0%\">\n<div class=\"wp-block-column is-layout-flow wp-block-column-is-layout-flow\">\n<div class=\"wp-block-columns alignwide are-vertically-aligned-center is-layout-flex wp-container-core-columns-is-layout-d7d36c25 wp-block-columns-is-layout-flex\" style=\"margin-top:0px;margin-bottom:0px;padding-right:2.5%;padding-left:2.5%\">\n<div class=\"wp-block-column is-vertically-aligned-center has-background is-layout-flow wp-block-column-is-layout-flow\" style=\"background-color:#2d6fa4;padding-top:0%;padding-right:0%;padding-bottom:0%;padding-left:0%\">\n<h3 class=\"wp-block-heading has-text-align-center has-ast-global-color-5-color has-text-color\" style=\"margin-top:0.5%;margin-bottom:0.5%;margin-left:2%\">Ingenieros en Tecnolog\u00eda Computacional<\/h3>\n<\/div>\n<\/div>\n<\/div>\n<\/div>\n\n\n\n<div class=\"wp-block-columns is-layout-flex wp-container-core-columns-is-layout-28f84493 wp-block-columns-is-layout-flex\">\n<div class=\"wp-block-column is-layout-flow wp-block-column-is-layout-flow\" style=\"padding-top:var(--wp--preset--spacing--20);padding-bottom:var(--wp--preset--spacing--20)\">\n<figure class=\"wp-block-image aligncenter size-large\"><img loading=\"lazy\" decoding=\"async\" width=\"1024\" height=\"576\" src=\"https:\/\/www.uabcs.mx\/dasc\/wp-content\/uploads\/2024\/03\/WhatsApp-Image-2024-02-26-at-11.51.14-1-1024x576.jpeg\" alt=\"\" class=\"wp-image-6414\" srcset=\"https:\/\/www.uabcs.mx\/dasc\/wp-content\/uploads\/2024\/03\/WhatsApp-Image-2024-02-26-at-11.51.14-1-1024x576.jpeg 1024w, https:\/\/www.uabcs.mx\/dasc\/wp-content\/uploads\/2024\/03\/WhatsApp-Image-2024-02-26-at-11.51.14-1-300x169.jpeg 300w, https:\/\/www.uabcs.mx\/dasc\/wp-content\/uploads\/2024\/03\/WhatsApp-Image-2024-02-26-at-11.51.14-1-768x432.jpeg 768w, https:\/\/www.uabcs.mx\/dasc\/wp-content\/uploads\/2024\/03\/WhatsApp-Image-2024-02-26-at-11.51.14-1-18x10.jpeg 18w, https:\/\/www.uabcs.mx\/dasc\/wp-content\/uploads\/2024\/03\/WhatsApp-Image-2024-02-26-at-11.51.14-1.jpeg 1280w\" sizes=\"auto, (max-width: 1024px) 100vw, 1024px\" \/><\/figure>\n<\/div>\n<\/div>\n\n\n\n<div class=\"wp-block-columns is-layout-flex wp-container-core-columns-is-layout-2902e3fc wp-block-columns-is-layout-flex\" style=\"margin-top:1em;margin-bottom:1em;padding-right:0%;padding-left:0%\">\n<div class=\"wp-block-column is-layout-flow wp-block-column-is-layout-flow\">\n<div class=\"wp-block-columns alignwide are-vertically-aligned-center is-layout-flex wp-container-core-columns-is-layout-d7d36c25 wp-block-columns-is-layout-flex\" style=\"margin-top:0px;margin-bottom:0px;padding-right:2.5%;padding-left:2.5%\">\n<div class=\"wp-block-column is-vertically-aligned-center has-background is-layout-flow wp-block-column-is-layout-flow\" style=\"background-color:#2d6fa4;padding-top:0%;padding-right:0%;padding-bottom:0%;padding-left:0%\">\n<h3 class=\"wp-block-heading has-text-align-center has-ast-global-color-5-color has-text-color\" style=\"margin-top:0.5%;margin-bottom:0.5%;margin-left:2%\">Licenciados en Administraci\u00f3n de Tecnolog\u00edas de la Informaci\u00f3n<\/h3>\n<\/div>\n<\/div>\n<\/div>\n<\/div>\n\n\n\n<div class=\"wp-block-columns is-layout-flex wp-container-core-columns-is-layout-28f84493 wp-block-columns-is-layout-flex\">\n<div class=\"wp-block-column is-layout-flow wp-block-column-is-layout-flow\" style=\"padding-top:var(--wp--preset--spacing--20);padding-bottom:var(--wp--preset--spacing--20)\">\n<figure class=\"wp-block-image aligncenter size-large\"><img loading=\"lazy\" decoding=\"async\" width=\"1024\" height=\"576\" src=\"https:\/\/www.uabcs.mx\/dasc\/wp-content\/uploads\/2024\/03\/WhatsApp-Image-2024-02-26-at-11.51.14-1024x576.jpeg\" alt=\"\" class=\"wp-image-6416\" srcset=\"https:\/\/www.uabcs.mx\/dasc\/wp-content\/uploads\/2024\/03\/WhatsApp-Image-2024-02-26-at-11.51.14-1024x576.jpeg 1024w, https:\/\/www.uabcs.mx\/dasc\/wp-content\/uploads\/2024\/03\/WhatsApp-Image-2024-02-26-at-11.51.14-300x169.jpeg 300w, https:\/\/www.uabcs.mx\/dasc\/wp-content\/uploads\/2024\/03\/WhatsApp-Image-2024-02-26-at-11.51.14-768x432.jpeg 768w, https:\/\/www.uabcs.mx\/dasc\/wp-content\/uploads\/2024\/03\/WhatsApp-Image-2024-02-26-at-11.51.14-18x10.jpeg 18w, https:\/\/www.uabcs.mx\/dasc\/wp-content\/uploads\/2024\/03\/WhatsApp-Image-2024-02-26-at-11.51.14.jpeg 1280w\" sizes=\"auto, (max-width: 1024px) 100vw, 1024px\" \/><\/figure>\n<\/div>\n<\/div>","protected":false},"excerpt":{"rendered":"<p>Mejores Promedios Ingenieros en Desarrollo de Software Ingenieros en Tecnolog\u00eda Computacional Licenciados en Administraci\u00f3n de Tecnolog\u00edas de la Informaci\u00f3n<\/p>","protected":false},"author":1,"featured_media":0,"parent":6388,"menu_order":0,"comment_status":"closed","ping_status":"closed","template":"","meta":{"site-sidebar-layout":"default","site-content-layout":"page-builder","ast-global-header-display":"","ast-main-header-display":"","ast-hfb-above-header-display":"","ast-hfb-below-header-display":"","ast-hfb-mobile-header-display":"","site-post-title":"disabled","ast-breadcrumbs-content":"","ast-featured-img":"","footer-sml-layout":"","theme-transparent-header-meta":"","adv-header-id-meta":"","stick-header-meta":"","header-above-stick-meta":"","header-main-stick-meta":"","header-below-stick-meta":"","footnotes":""},"class_list":["post-6402","page","type-page","status-publish","hentry"],"acf":[],"_links":{"self":[{"href":"https:\/\/www.uabcs.mx\/dasc\/en\/wp-json\/wp\/v2\/pages\/6402","targetHints":{"allow":["GET"]}}],"collection":[{"href":"https:\/\/www.uabcs.mx\/dasc\/en\/wp-json\/wp\/v2\/pages"}],"about":[{"href":"https:\/\/www.uabcs.mx\/dasc\/en\/wp-json\/wp\/v2\/types\/page"}],"author":[{"embeddable":true,"href":"https:\/\/www.uabcs.mx\/dasc\/en\/wp-json\/wp\/v2\/users\/1"}],"replies":[{"embeddable":true,"href":"https:\/\/www.uabcs.mx\/dasc\/en\/wp-json\/wp\/v2\/comments?post=6402"}],"version-history":[{"count":16,"href":"https:\/\/www.uabcs.mx\/dasc\/en\/wp-json\/wp\/v2\/pages\/6402\/revisions"}],"predecessor-version":[{"id":6428,"href":"https:\/\/www.uabcs.mx\/dasc\/en\/wp-json\/wp\/v2\/pages\/6402\/revisions\/6428"}],"up":[{"embeddable":true,"href":"https:\/\/www.uabcs.mx\/dasc\/en\/wp-json\/wp\/v2\/pages\/6388"}],"wp:attachment":[{"href":"https:\/\/www.uabcs.mx\/dasc\/en\/wp-json\/wp\/v2\/media?parent=6402"}],"curies":[{"name":"wp","href":"https:\/\/api.w.org\/{rel}","templated":true}]}}