{"id":5636,"date":"2023-08-22T19:06:14","date_gmt":"2023-08-22T19:06:14","guid":{"rendered":"https:\/\/www.uabcs.mx\/dasc\/?page_id=5636"},"modified":"2023-08-22T19:06:14","modified_gmt":"2023-08-22T19:06:14","slug":"bienvenidos","status":"publish","type":"page","link":"https:\/\/www.uabcs.mx\/dasc\/en\/bienvenidos\/","title":{"rendered":"Bienvenidos"},"content":{"rendered":"<div class=\"wp-block-columns is-layout-flex wp-container-core-columns-is-layout-28f84493 wp-block-columns-is-layout-flex\">\n<div class=\"wp-block-column is-layout-flow wp-block-column-is-layout-flow\" style=\"border-style:none;border-width:0px;padding-top:var(--wp--preset--spacing--20);padding-right:var(--wp--preset--spacing--20);padding-bottom:var(--wp--preset--spacing--20);padding-left:var(--wp--preset--spacing--20)\">\n<p>I wish to express my great joy and satisfaction in offering you a cordial and affectionate welcome to the Universidad Aut\u00f3noma de Baja California Sur and especially to the Department of Computer Systems. Our alma mater, an educational institution that has been distinguished at the state, regional, national and international level for its academic, artistic and sports quality.<\/p>\n\n\n\n<p>Young people, now university students, have taken a transcendental step in their desire to achieve an excellent professional and personal education, therefore I congratulate them and urge them to start and continue their studies at UABCS with joy, responsibility and enthusiasm, so that they can contribute the best of their knowledge and skills in their future performance as professionals.<\/p>\n\n\n\n<p>Los estudiantes representan la raz\u00f3n de ser de nuestros programas educativos. En los alumnos centramos nuestro proceso de autoaprendizaje y en ustedes tambi\u00e9n ciframos nuestras esperanzas para contribuir a transformar y a mejorar la sociedad en que vivimos.<\/p>\n\n\n\n<p>Durante su carrera profesional habr\u00e1n de encontrar retos que vencer, unos m\u00e1s dif\u00edciles que otros, pero es importante que no decaigan y perseveren su lucha por lograr su formaci\u00f3n integral. Nuestro Departamento de Sistemas Computacionales tiene establecido un Programa de Tutor\u00edas, en el que participan de manera decidida sus maestros, para proporcionarles una atenci\u00f3n personalizada y apoyarlos en sus inquietudes.<\/p>\n\n\n\n<p>Nuestra instituci\u00f3n les brinda adem\u00e1s becas, respalda sus viajes de pr\u00e1cticas, facilita los servicios m\u00e9dicos gratuitos, les da acceso a las salas de c\u00f3mputo y les proporciona una biblioteca moderna y funcional. Asimismo, desarrolla cursos de idiomas, de artes, promueve pr\u00e1cticas de disciplinas deportivas y actividades culturales en general.<\/p>\n\n\n\n<p>Nuestro Departamento Acad\u00e9mico les ofrece un ambiente agradable y propicio para el estudio, que redunde en un fruct\u00edfero desarrollo profesional e intelectual, en beneficio suyo, de sus familias, de la instituci\u00f3n y de la sociedad sudcaliforniana en general, que permita convertir en realidad nuestro lema &#8220;Sabidur\u00eda como meta, patria como destino&#8221;.<\/p>\n\n\n\n<div class=\"wp-block-columns is-layout-flex wp-container-core-columns-is-layout-28f84493 wp-block-columns-is-layout-flex\">\n<div class=\"wp-block-column is-layout-flow wp-block-column-is-layout-flow\" style=\"flex-basis:33.33%\"><\/div>\n\n\n\n<div class=\"wp-block-column is-layout-flow wp-block-column-is-layout-flow\" style=\"flex-basis:66.66%\">\n<p class=\"has-ast-global-color-2-color has-text-color has-background\" style=\"background-color:#eaeaea;font-style:normal;font-weight:600\">Dr. Jes\u00fas Andr\u00e9s Sandoval Bringas<br>Head of the Academic Department of Computer Systems<\/p>\n<\/div>\n<\/div>\n<\/div>\n<\/div>","protected":false},"excerpt":{"rendered":"<p>Deseo manifestarles gran alegr\u00eda y satisfacci\u00f3n al brindarles una cordial y afectuosa bienvenida a la Universidad Aut\u00f3noma de Baja California Sur y muy especialmente al Departamento de Sistemas Computacionales. Nuestra alma mater, instituci\u00f3n educativa que ha sido distinguida a nivel estatal, regional, nacional e internacional por su calidad acad\u00e9mica, art\u00edstica y deportiva. J\u00f3venes, ahora universitarios, &hellip;<\/p>\n<p class=\"read-more\"> <a class=\"\" href=\"https:\/\/www.uabcs.mx\/dasc\/en\/bienvenidos\/\"> <span class=\"screen-reader-text\">Bienvenidos<\/span> Read More &raquo;<\/a><\/p>","protected":false},"author":5,"featured_media":0,"parent":0,"menu_order":0,"comment_status":"closed","ping_status":"closed","template":"","meta":{"site-sidebar-layout":"default","site-content-layout":"default","ast-global-header-display":"","ast-main-header-display":"","ast-hfb-above-header-display":"","ast-hfb-below-header-display":"","ast-hfb-mobile-header-display":"","site-post-title":"","ast-breadcrumbs-content":"","ast-featured-img":"","footer-sml-layout":"","theme-transparent-header-meta":"","adv-header-id-meta":"","stick-header-meta":"","header-above-stick-meta":"","header-main-stick-meta":"","header-below-stick-meta":"","footnotes":""},"class_list":["post-5636","page","type-page","status-publish","hentry"],"acf":[],"_links":{"self":[{"href":"https:\/\/www.uabcs.mx\/dasc\/en\/wp-json\/wp\/v2\/pages\/5636","targetHints":{"allow":["GET"]}}],"collection":[{"href":"https:\/\/www.uabcs.mx\/dasc\/en\/wp-json\/wp\/v2\/pages"}],"about":[{"href":"https:\/\/www.uabcs.mx\/dasc\/en\/wp-json\/wp\/v2\/types\/page"}],"author":[{"embeddable":true,"href":"https:\/\/www.uabcs.mx\/dasc\/en\/wp-json\/wp\/v2\/users\/5"}],"replies":[{"embeddable":true,"href":"https:\/\/www.uabcs.mx\/dasc\/en\/wp-json\/wp\/v2\/comments?post=5636"}],"version-history":[{"count":1,"href":"https:\/\/www.uabcs.mx\/dasc\/en\/wp-json\/wp\/v2\/pages\/5636\/revisions"}],"predecessor-version":[{"id":5637,"href":"https:\/\/www.uabcs.mx\/dasc\/en\/wp-json\/wp\/v2\/pages\/5636\/revisions\/5637"}],"wp:attachment":[{"href":"https:\/\/www.uabcs.mx\/dasc\/en\/wp-json\/wp\/v2\/media?parent=5636"}],"curies":[{"name":"wp","href":"https:\/\/api.w.org\/{rel}","templated":true}]}}