{"id":4806,"date":"2022-10-31T02:01:56","date_gmt":"2022-10-31T02:01:56","guid":{"rendered":"https:\/\/www.uabcs.mx\/dasc\/?page_id=4806"},"modified":"2022-10-31T02:09:11","modified_gmt":"2022-10-31T02:09:11","slug":"tutorias","status":"publish","type":"page","link":"https:\/\/www.uabcs.mx\/dasc\/en\/tutorias\/","title":{"rendered":"Tutoring"},"content":{"rendered":"<div class=\"wp-block-columns is-layout-flex wp-container-core-columns-is-layout-2eb748b2 wp-block-columns-is-layout-flex\" style=\"margin-top:0px;margin-bottom:0px\">\n<div class=\"wp-block-column is-layout-flow wp-block-column-is-layout-flow\" style=\"flex-basis:100%\">\n<div class=\"wp-block-cover alignfull has-parallax has-custom-content-position is-position-bottom-center\" style=\"background-image:url(https:\/\/www.uabcs.mx\/dasc\/wp-content\/uploads\/2022\/08\/startup-849804_960_720.webp);min-height:475px;aspect-ratio:unset;\"><span aria-hidden=\"true\" class=\"wp-block-cover__background has-ast-global-color-2-background-color has-background-dim-60 has-background-dim\"><\/span><div class=\"wp-block-cover__inner-container is-layout-flow wp-block-cover-is-layout-flow\">\n<h1 class=\"has-text-align-center dascTitle has-text-color wp-block-heading\" style=\"color:#ffffff;font-size:30px;margin-top:15%;margin-right:15%;margin-bottom:15%;margin-left:15%\">Academic Department of Computer Systems <\/h1>\n\n\n\n<h2 class=\"has-text-align-center has-white-color has-text-color wp-block-heading\" style=\"font-size:24px;font-style:normal;font-weight:700\">-Tutor\u00edas-<\/h2>\n<\/div><\/div>\n<\/div>\n<\/div>\n\n\n\n<div class=\"wp-block-columns is-layout-flex wp-container-core-columns-is-layout-88a3fa10 wp-block-columns-is-layout-flex\" style=\"padding-top:2%;padding-right:10%;padding-bottom:2%;padding-left:10%\">\n<div class=\"wp-block-column is-layout-flow wp-block-column-is-layout-flow\">\n<p class=\"has-text-align-left\"><strong>Tutor\u00eda<\/strong><\/p>\n\n\n\n<p>La tutor\u00eda consiste en un proceso de acompa\u00f1amiento durante la formaci\u00f3n de los estudiantes que se concreta mediante la atenci\u00f3n personalizada a un Alumno o a un grupo de Alumnos en la tarea de realizar el apoyo y seguimiento en le inicio a la Vida Universitaria y orientar en la adquisici\u00f3n y maduraci\u00f3n del aprendizaje de los estudiantes por parte de acad\u00e9micos competentes y formados para esta funci\u00f3n.<\/p>\n\n\n\n<p><strong>El Departamento Acad\u00e9mico de Sistemas Computacionales a lo largo de tu carrera te apoya con un tutor(a) el cual te puede orientar cuando:<\/strong><\/p>\n\n\n\n<ul class=\"wp-block-list\"><li>Tengas materias reprobadas<\/li><li>Tengas bajas calificaciones y desees mejorarlas<\/li><li>No sientas est\u00edmulo para continuar tus estudios.<\/li><li>Tengas dificultadas para la presentaci\u00f3n de ex\u00e1menes y trabajos<\/li><li>Tengas problemas con tus horarios y tiempos de estudios<\/li><li>Tengas problemas familiares o de \u00edndole personal<\/li><li>Tengas duda sobre tu vocaci\u00f3n profesional<\/li><li>Desees ampliar tus conocimientos sobre alg\u00fan tema<\/li><li>Desees informaci\u00f3n sobre tr\u00e1mites y reglamentos<\/li><li>Desees informaci\u00f3n sobre servicios de la universidad<\/li><\/ul>\n\n\n\n<p>En la p\u00e1gina web del departamento y en las mamparas que se encuentres en el edificio de Sistemas Computacionales donde tomas clases se publican cada semestre las listas de tutores y sus correspondientes tutorados.<\/p>\n\n\n\n<p>Si tienes alg\u00fan problema con tu tutor, ten en cuenta que puedes pedir informaci\u00f3n y orientaci\u00f3n con el Responsable de Carrera o bien con el Jefe de Departamento para solicitar cambio de tutor.<\/p>\n<\/div>\n<\/div>","protected":false},"excerpt":{"rendered":"<p>Tutor\u00eda La tutor\u00eda consiste en un proceso de acompa\u00f1amiento durante la formaci\u00f3n de los estudiantes que se concreta mediante la atenci\u00f3n personalizada a un Alumno o a un grupo de Alumnos en la tarea de realizar el apoyo y seguimiento en le inicio a la Vida Universitaria y orientar en la adquisici\u00f3n y maduraci\u00f3n del &hellip;<\/p>\n<p class=\"read-more\"> <a class=\"\" href=\"https:\/\/www.uabcs.mx\/dasc\/en\/tutorias\/\"> <span class=\"screen-reader-text\">Tutoring<\/span> Read More &raquo;<\/a><\/p>","protected":false},"author":1,"featured_media":0,"parent":0,"menu_order":0,"comment_status":"closed","ping_status":"closed","template":"","meta":{"site-sidebar-layout":"default","site-content-layout":"page-builder","ast-global-header-display":"","ast-main-header-display":"","ast-hfb-above-header-display":"","ast-hfb-below-header-display":"","ast-hfb-mobile-header-display":"","site-post-title":"disabled","ast-breadcrumbs-content":"","ast-featured-img":"","footer-sml-layout":"","theme-transparent-header-meta":"","adv-header-id-meta":"","stick-header-meta":"","header-above-stick-meta":"","header-main-stick-meta":"","header-below-stick-meta":"","footnotes":""},"class_list":["post-4806","page","type-page","status-publish","hentry"],"acf":[],"_links":{"self":[{"href":"https:\/\/www.uabcs.mx\/dasc\/en\/wp-json\/wp\/v2\/pages\/4806","targetHints":{"allow":["GET"]}}],"collection":[{"href":"https:\/\/www.uabcs.mx\/dasc\/en\/wp-json\/wp\/v2\/pages"}],"about":[{"href":"https:\/\/www.uabcs.mx\/dasc\/en\/wp-json\/wp\/v2\/types\/page"}],"author":[{"embeddable":true,"href":"https:\/\/www.uabcs.mx\/dasc\/en\/wp-json\/wp\/v2\/users\/1"}],"replies":[{"embeddable":true,"href":"https:\/\/www.uabcs.mx\/dasc\/en\/wp-json\/wp\/v2\/comments?post=4806"}],"version-history":[{"count":11,"href":"https:\/\/www.uabcs.mx\/dasc\/en\/wp-json\/wp\/v2\/pages\/4806\/revisions"}],"predecessor-version":[{"id":4820,"href":"https:\/\/www.uabcs.mx\/dasc\/en\/wp-json\/wp\/v2\/pages\/4806\/revisions\/4820"}],"wp:attachment":[{"href":"https:\/\/www.uabcs.mx\/dasc\/en\/wp-json\/wp\/v2\/media?parent=4806"}],"curies":[{"name":"wp","href":"https:\/\/api.w.org\/{rel}","templated":true}]}}